{"id":31301,"date":"2022-06-15T06:17:40","date_gmt":"2022-06-15T06:17:40","guid":{"rendered":"https:\/\/refactor-second-attempt.torseed.dev.greenparrot.pl\/produkt\/groch-siew-lusk-o-nas-glad-szesciotygodniowy-nano-gro\/"},"modified":"2023-03-29T18:47:57","modified_gmt":"2023-03-29T18:47:57","slug":"groch-siew-lusk-o-nas-glad-szesciotygodniowy-nano-gro","status":"publish","type":"product","link":"https:\/\/torseed.eu\/ru\/produkt\/groch-siew-lusk-o-nas-glad-szesciotygodniowy-nano-gro\/","title":{"rendered":"Groch siew. \u0142usk.o nas. g\u0142ad. Sze\u015bciotygodniowy NANO-GRO"},"content":{"rendered":"<p>Odmiana bardzo wczesna, plenna, o nasionach g\u0142adkich. Ro\u015bliny wyrastaj\u0105 na wysoko\u015b\u0107 do 100 cm. Nasiona kuliste, jasnozielone, bardzo smaczne.<\/p>","protected":false},"excerpt":{"rendered":"<p>Odmiana bardzo wczesna, plenna, o nasionach g\u0142adkich. Ro\u015bliny wyrastaj\u0105 na wysoko\u015b\u0107 do 100 cm. Nasiona kuliste, jasnozielone, bardzo smaczne.<\/p>\n","protected":false},"featured_media":17097,"comment_status":"open","ping_status":"open","template":"","meta":{"inline_featured_image":false},"product_cat":[108,112],"product_tag":[],"acf":[],"featured_image":"https:\/\/torseed.eu\/app\/uploads\/2023\/03\/2198.jpg","_links":{"self":[{"href":"https:\/\/torseed.eu\/ru\/wp-json\/wp\/v2\/product\/31301"}],"collection":[{"href":"https:\/\/torseed.eu\/ru\/wp-json\/wp\/v2\/product"}],"about":[{"href":"https:\/\/torseed.eu\/ru\/wp-json\/wp\/v2\/types\/product"}],"replies":[{"embeddable":true,"href":"https:\/\/torseed.eu\/ru\/wp-json\/wp\/v2\/comments?post=31301"}],"version-history":[{"count":0,"href":"https:\/\/torseed.eu\/ru\/wp-json\/wp\/v2\/product\/31301\/revisions"}],"wp:featuredmedia":[{"embeddable":true,"href":"https:\/\/torseed.eu\/ru\/wp-json\/wp\/v2\/media\/17097"}],"wp:attachment":[{"href":"https:\/\/torseed.eu\/ru\/wp-json\/wp\/v2\/media?parent=31301"}],"wp:term":[{"taxonomy":"product_cat","embeddable":true,"href":"https:\/\/torseed.eu\/ru\/wp-json\/wp\/v2\/product_cat?post=31301"},{"taxonomy":"product_tag","embeddable":true,"href":"https:\/\/torseed.eu\/ru\/wp-json\/wp\/v2\/product_tag?post=31301"}],"curies":[{"name":"wp","href":"https:\/\/api.w.org\/{rel}","templated":true}]}}