{"id":31320,"date":"2022-06-15T06:17:13","date_gmt":"2022-06-15T06:17:13","guid":{"rendered":"https:\/\/refactor-second-attempt.torseed.dev.greenparrot.pl\/produkt\/fasola-zw-karl-szp-zielonostr-jagusia-nano-gro\/"},"modified":"2023-03-29T18:48:31","modified_gmt":"2023-03-29T18:48:31","slug":"fasola-zw-karl-szp-zielonostr-jagusia-nano-gro","status":"publish","type":"product","link":"https:\/\/torseed.eu\/ru\/produkt\/fasola-zw-karl-szp-zielonostr-jagusia-nano-gro\/","title":{"rendered":"Fasola zw.kar\u0142 szp.zielonostr. Jagusia NANO-GRO"},"content":{"rendered":"\n<p><img decoding=\"async\" loading=\"lazy\" class=\"alignnone size-medium wp-image-10176\" src=\"https:\/\/torseed.eu\/app\/uploads\/2023\/03\/fasola-jagusia-TOR304-05gnano-1-215x300.jpg\" alt=\"\" width=\"215\" height=\"300\" \/>Odmiana \u015bredniowczesna, zielonostr\u0105kowa do uprawy amatorskiej z mo\u017cliwo\u015bci\u0105 do u\u017cytkowania na suche nasiona (barwy ciemnobr\u0105zowej). Str\u0105ki d\u0142ugo\u015bci 12-14 cm, bezw\u0142\u00f3kniste, wyj\u0105tkowo smaczne bez tendencji do przejrzewania. Bardzo odporna na niekorzystne warunki pogodowe.<\/p>\n","protected":false},"excerpt":{"rendered":"<p>Odmiana \u015bredniowczesna, zielonostr\u0105kowa do uprawy amatorskiej z mo\u017cliwo\u015bci\u0105 do u\u017cytkowania na suche nasiona (barwy ciemnobr\u0105zowej). Str\u0105ki d\u0142ugo\u015bci 12-14 cm, bezw\u0142\u00f3kniste, wyj\u0105tkowo smaczne bez tendencji do przejrzewania. Bardzo odporna na niekorzystne warunki pogodowe.<\/p>\n","protected":false},"featured_media":25768,"comment_status":"open","ping_status":"closed","template":"","meta":{"inline_featured_image":false},"product_cat":[108,112],"product_tag":[],"acf":[],"featured_image":"https:\/\/torseed.eu\/app\/uploads\/2023\/03\/fasola-jagusia-TOR304-05gnano2-2.jpg","_links":{"self":[{"href":"https:\/\/torseed.eu\/ru\/wp-json\/wp\/v2\/product\/31320"}],"collection":[{"href":"https:\/\/torseed.eu\/ru\/wp-json\/wp\/v2\/product"}],"about":[{"href":"https:\/\/torseed.eu\/ru\/wp-json\/wp\/v2\/types\/product"}],"replies":[{"embeddable":true,"href":"https:\/\/torseed.eu\/ru\/wp-json\/wp\/v2\/comments?post=31320"}],"version-history":[{"count":1,"href":"https:\/\/torseed.eu\/ru\/wp-json\/wp\/v2\/product\/31320\/revisions"}],"predecessor-version":[{"id":31321,"href":"https:\/\/torseed.eu\/ru\/wp-json\/wp\/v2\/product\/31320\/revisions\/31321"}],"wp:featuredmedia":[{"embeddable":true,"href":"https:\/\/torseed.eu\/ru\/wp-json\/wp\/v2\/media\/25768"}],"wp:attachment":[{"href":"https:\/\/torseed.eu\/ru\/wp-json\/wp\/v2\/media?parent=31320"}],"wp:term":[{"taxonomy":"product_cat","embeddable":true,"href":"https:\/\/torseed.eu\/ru\/wp-json\/wp\/v2\/product_cat?post=31320"},{"taxonomy":"product_tag","embeddable":true,"href":"https:\/\/torseed.eu\/ru\/wp-json\/wp\/v2\/product_tag?post=31320"}],"curies":[{"name":"wp","href":"https:\/\/api.w.org\/{rel}","templated":true}]}}