{"id":31326,"date":"2022-06-15T06:17:04","date_gmt":"2022-06-15T06:17:04","guid":{"rendered":"https:\/\/refactor-second-attempt.torseed.dev.greenparrot.pl\/produkt\/fasola-zw-karl-szp-zoltostr-zlota-saxa-nano-gro\/"},"modified":"2023-03-29T18:48:51","modified_gmt":"2023-03-29T18:48:51","slug":"fasola-zw-karl-szp-zoltostr-zlota-saxa-nano-gro","status":"publish","type":"product","link":"https:\/\/torseed.eu\/ru\/produkt\/fasola-zw-karl-szp-zoltostr-zlota-saxa-nano-gro\/","title":{"rendered":"Fasola zw.kar\u0142.szp.\u017c\u00f3\u0142tostr. Z\u0142ota Saxa NANO-GRO"},"content":{"rendered":"<p>Odmiana wczesna, kar\u0142owa. Wysoko\u015b\u0107 ro\u015blin 30-35 cm. Str\u0105ki proste, bezw\u0142\u00f3kniste, d\u0142ugo\u015bci 11-12.hhg<\/p>","protected":false},"excerpt":{"rendered":"<p>Odmiana wczesna, kar\u0142owa. Wysoko\u015b\u0107 ro\u015blin 30-35 cm. Str\u0105ki proste, bezw\u0142\u00f3kniste, d\u0142ugo\u015bci 11-12.hhg<\/p>\n","protected":false},"featured_media":25747,"comment_status":"open","ping_status":"closed","template":"","meta":{"inline_featured_image":false},"product_cat":[108,112],"product_tag":[],"acf":[],"featured_image":"https:\/\/torseed.eu\/app\/uploads\/2023\/03\/2195.jpg","_links":{"self":[{"href":"https:\/\/torseed.eu\/ru\/wp-json\/wp\/v2\/product\/31326"}],"collection":[{"href":"https:\/\/torseed.eu\/ru\/wp-json\/wp\/v2\/product"}],"about":[{"href":"https:\/\/torseed.eu\/ru\/wp-json\/wp\/v2\/types\/product"}],"replies":[{"embeddable":true,"href":"https:\/\/torseed.eu\/ru\/wp-json\/wp\/v2\/comments?post=31326"}],"version-history":[{"count":0,"href":"https:\/\/torseed.eu\/ru\/wp-json\/wp\/v2\/product\/31326\/revisions"}],"wp:featuredmedia":[{"embeddable":true,"href":"https:\/\/torseed.eu\/ru\/wp-json\/wp\/v2\/media\/25747"}],"wp:attachment":[{"href":"https:\/\/torseed.eu\/ru\/wp-json\/wp\/v2\/media?parent=31326"}],"wp:term":[{"taxonomy":"product_cat","embeddable":true,"href":"https:\/\/torseed.eu\/ru\/wp-json\/wp\/v2\/product_cat?post=31326"},{"taxonomy":"product_tag","embeddable":true,"href":"https:\/\/torseed.eu\/ru\/wp-json\/wp\/v2\/product_tag?post=31326"}],"curies":[{"name":"wp","href":"https:\/\/api.w.org\/{rel}","templated":true}]}}