{"id":31378,"date":"2022-06-15T06:15:53","date_gmt":"2022-06-15T06:15:53","guid":{"rendered":"https:\/\/refactor-second-attempt.torseed.dev.greenparrot.pl\/produkt\/cebula-octavia-otoczka\/"},"modified":"2023-03-29T18:50:10","modified_gmt":"2023-03-29T18:50:10","slug":"cebula-octavia-otoczka","status":"publish","type":"product","link":"https:\/\/torseed.eu\/ru\/produkt\/cebula-octavia-otoczka\/","title":{"rendered":"Cebula Octavia OTOCZKA"},"content":{"rendered":"<p>Odmiana \u015bredniowczesna, plenna, przydatna r\u00f3wnie\u017c dla przetw\u00f3rstwa oraz d\u0142ugiego przechowywania. Wyr\u00f3\u017cnia si\u0119 r\u00f3wnomierny za\u0142amywaniem szczypioru.<\/p>","protected":false},"excerpt":{"rendered":"<p>Odmiana \u015bredniowczesna, plenna, przydatna r\u00f3wnie\u017c dla przetw\u00f3rstwa oraz d\u0142ugiego przechowywania. Wyr\u00f3\u017cnia si\u0119 r\u00f3wnomierny za\u0142amywaniem szczypioru.<\/p>\n","protected":false},"featured_media":25482,"comment_status":"open","ping_status":"closed","template":"","meta":{"inline_featured_image":false},"product_cat":[108,116],"product_tag":[],"acf":[],"featured_image":"https:\/\/torseed.eu\/app\/uploads\/2023\/03\/7178.jpg","_links":{"self":[{"href":"https:\/\/torseed.eu\/ru\/wp-json\/wp\/v2\/product\/31378"}],"collection":[{"href":"https:\/\/torseed.eu\/ru\/wp-json\/wp\/v2\/product"}],"about":[{"href":"https:\/\/torseed.eu\/ru\/wp-json\/wp\/v2\/types\/product"}],"replies":[{"embeddable":true,"href":"https:\/\/torseed.eu\/ru\/wp-json\/wp\/v2\/comments?post=31378"}],"version-history":[{"count":0,"href":"https:\/\/torseed.eu\/ru\/wp-json\/wp\/v2\/product\/31378\/revisions"}],"wp:featuredmedia":[{"embeddable":true,"href":"https:\/\/torseed.eu\/ru\/wp-json\/wp\/v2\/media\/25482"}],"wp:attachment":[{"href":"https:\/\/torseed.eu\/ru\/wp-json\/wp\/v2\/media?parent=31378"}],"wp:term":[{"taxonomy":"product_cat","embeddable":true,"href":"https:\/\/torseed.eu\/ru\/wp-json\/wp\/v2\/product_cat?post=31378"},{"taxonomy":"product_tag","embeddable":true,"href":"https:\/\/torseed.eu\/ru\/wp-json\/wp\/v2\/product_tag?post=31378"}],"curies":[{"name":"wp","href":"https:\/\/api.w.org\/{rel}","templated":true}]}}