{"id":31400,"date":"2022-06-15T06:15:24","date_gmt":"2022-06-15T06:15:24","guid":{"rendered":"https:\/\/refactor-second-attempt.torseed.dev.greenparrot.pl\/produkt\/burak-cwiklowy-czerwona-kula-2-otoczka\/"},"modified":"2023-03-29T18:50:47","modified_gmt":"2023-03-29T18:50:47","slug":"burak-cwiklowy-czerwona-kula-2-otoczka","status":"publish","type":"product","link":"https:\/\/torseed.eu\/ru\/produkt\/burak-cwiklowy-czerwona-kula-2-otoczka\/","title":{"rendered":"Burak \u0107wik\u0142owy Czerwona Kula 2 OTOCZKA"},"content":{"rendered":"<p>Odmiana bardzo plenna, przeznaczona na u\u017cytek letni, jesienny oraz do przechowywania. Korze\u0144 kulisty, pier\u015bcienie s\u0142abo zaznaczone. Mi\u0105\u017csz soczysty o wysokich walorach smakowych.<\/p>","protected":false},"excerpt":{"rendered":"<p>Odmiana bardzo plenna, przeznaczona na u\u017cytek letni, jesienny oraz do przechowywania. Korze\u0144 kulisty, pier\u015bcienie s\u0142abo zaznaczone. Mi\u0105\u017csz soczysty o wysokich walorach smakowych.<\/p>\n","protected":false},"featured_media":25372,"comment_status":"open","ping_status":"closed","template":"","meta":{"inline_featured_image":false},"product_cat":[108,116],"product_tag":[],"acf":[],"featured_image":"https:\/\/torseed.eu\/app\/uploads\/2023\/03\/7176.jpg","_links":{"self":[{"href":"https:\/\/torseed.eu\/ru\/wp-json\/wp\/v2\/product\/31400"}],"collection":[{"href":"https:\/\/torseed.eu\/ru\/wp-json\/wp\/v2\/product"}],"about":[{"href":"https:\/\/torseed.eu\/ru\/wp-json\/wp\/v2\/types\/product"}],"replies":[{"embeddable":true,"href":"https:\/\/torseed.eu\/ru\/wp-json\/wp\/v2\/comments?post=31400"}],"version-history":[{"count":0,"href":"https:\/\/torseed.eu\/ru\/wp-json\/wp\/v2\/product\/31400\/revisions"}],"wp:featuredmedia":[{"embeddable":true,"href":"https:\/\/torseed.eu\/ru\/wp-json\/wp\/v2\/media\/25372"}],"wp:attachment":[{"href":"https:\/\/torseed.eu\/ru\/wp-json\/wp\/v2\/media?parent=31400"}],"wp:term":[{"taxonomy":"product_cat","embeddable":true,"href":"https:\/\/torseed.eu\/ru\/wp-json\/wp\/v2\/product_cat?post=31400"},{"taxonomy":"product_tag","embeddable":true,"href":"https:\/\/torseed.eu\/ru\/wp-json\/wp\/v2\/product_tag?post=31400"}],"curies":[{"name":"wp","href":"https:\/\/api.w.org\/{rel}","templated":true}]}}