{"id":31414,"date":"2023-02-20T08:52:30","date_gmt":"2023-02-20T08:52:30","guid":{"rendered":"https:\/\/refactor-second-attempt.torseed.dev.greenparrot.pl\/produkt\/szpinak-malabarski\/"},"modified":"2023-04-06T08:59:06","modified_gmt":"2023-04-06T08:59:06","slug":"szpinak-malabarski","status":"publish","type":"product","link":"https:\/\/torseed.eu\/ru\/produkt\/szpinak-malabarski\/","title":{"rendered":"Szpinak malabarski"},"content":{"rendered":"<p>RU Jednoroczna, ciep\u0142olubna ro\u015blina pn\u0105ca\/p\u0142o\u017c\u0105ca do uprawy na rabatach oraz w pojemnikach. Toleruje temperatury powy\u017cej + 5\u00b0C. Jest ro\u015blin\u0105 warzywna, ozdobn\u0105 oraz lecznicz\u0105. Nie ma specjalnych wymaga\u0144 glebowych, toleruje zar\u00f3wno okresowa susze jak i nadmiar wody. Spo\u017cywane s\u0105 systematycznie zrywane mi\u0119siste li\u015bcie (na surowo, do sa\u0142atek, zup kanapek, mo\u017cna te\u017c przygotowywa\u0107 go jak szpinak. M\u0142ode p\u0119dy przyrz\u0105dzane mog\u0105 by\u0107 jak szparagi. Na surowo posiada cytrusowo pieprzowy smak, popularny jest szczeg\u00f3lnie w kuchni azjatyckiej. Jest \u017ar\u00f3d\u0142em wielu witamin i minera\u0142\u00f3w, wykazuje te\u017c dzia\u0142anie przeciwbakteryjne. przeciwgrzybicze, antynowotworowe, neutralizuje r\u00f3wnie\u017c toksyny w organizmie. Wysiew nasion co najmniej na 6-8 tygodni przed wysadzaniem poniewa\u017c wschody s\u0105 nier\u00f3wne i trwaj\u0105 do kilku tygodni. Przed wysiewem koniecznie nasiona powinny by\u0107 moczone w letniej wodzie od kilkunastu do 24 godzin.<\/p>\n","protected":false},"excerpt":{"rendered":"<p>RU Jednoroczna, ciep\u0142olubna ro\u015blina pn\u0105ca\/p\u0142o\u017c\u0105ca do uprawy na rabatach oraz w pojemnikach. Toleruje temperatury powy\u017cej + 5\u00b0C. Jest ro\u015blin\u0105 warzywna, ozdobn\u0105 oraz lecznicz\u0105. Nie ma specjalnych wymaga\u0144 glebowych, toleruje zar\u00f3wno okresowa susze jak i nadmiar wody. Spo\u017cywane s\u0105 systematycznie zrywane mi\u0119siste li\u015bcie (na surowo, do sa\u0142atek, zup kanapek, mo\u017cna te\u017c przygotowywa\u0107 go jak szpinak. M\u0142ode [&hellip;]<\/p>\n","protected":false},"featured_media":29662,"comment_status":"open","ping_status":"closed","template":"","meta":{"inline_featured_image":false},"product_cat":[130,108,118],"product_tag":[],"acf":[],"featured_image":"https:\/\/torseed.eu\/app\/uploads\/2023\/03\/Szpinak-malabarski-1.png","_links":{"self":[{"href":"https:\/\/torseed.eu\/ru\/wp-json\/wp\/v2\/product\/31414"}],"collection":[{"href":"https:\/\/torseed.eu\/ru\/wp-json\/wp\/v2\/product"}],"about":[{"href":"https:\/\/torseed.eu\/ru\/wp-json\/wp\/v2\/types\/product"}],"replies":[{"embeddable":true,"href":"https:\/\/torseed.eu\/ru\/wp-json\/wp\/v2\/comments?post=31414"}],"version-history":[{"count":1,"href":"https:\/\/torseed.eu\/ru\/wp-json\/wp\/v2\/product\/31414\/revisions"}],"predecessor-version":[{"id":31532,"href":"https:\/\/torseed.eu\/ru\/wp-json\/wp\/v2\/product\/31414\/revisions\/31532"}],"wp:featuredmedia":[{"embeddable":true,"href":"https:\/\/torseed.eu\/ru\/wp-json\/wp\/v2\/media\/29662"}],"wp:attachment":[{"href":"https:\/\/torseed.eu\/ru\/wp-json\/wp\/v2\/media?parent=31414"}],"wp:term":[{"taxonomy":"product_cat","embeddable":true,"href":"https:\/\/torseed.eu\/ru\/wp-json\/wp\/v2\/product_cat?post=31414"},{"taxonomy":"product_tag","embeddable":true,"href":"https:\/\/torseed.eu\/ru\/wp-json\/wp\/v2\/product_tag?post=31414"}],"curies":[{"name":"wp","href":"https:\/\/api.w.org\/{rel}","templated":true}]}}